{"id":1428,"date":"2025-10-25T08:31:42","date_gmt":"2025-10-25T06:31:42","guid":{"rendered":"https:\/\/lemarinestunemarine.fr\/?page_id=1428"},"modified":"2025-10-25T20:36:07","modified_gmt":"2025-10-25T18:36:07","slug":"massilia-cup-2025","status":"publish","type":"page","link":"https:\/\/lemarinestunemarine.fr\/index.php\/massilia-cup-2025\/","title":{"rendered":"Massilia Cup 2025"},"content":{"rendered":"\t\t<div data-elementor-type=\"wp-page\" data-elementor-id=\"1428\" class=\"elementor elementor-1428\">\n\t\t\t\t<div class=\"elementor-element elementor-element-67f9e0a e-flex e-con-boxed e-con e-parent\" data-id=\"67f9e0a\" data-element_type=\"container\" data-e-type=\"container\">\n\t\t\t\t\t<div class=\"e-con-inner\">\n\t\t<div class=\"elementor-element elementor-element-f2cd7b6 e-con-full e-flex e-con e-child\" data-id=\"f2cd7b6\" data-element_type=\"container\" data-e-type=\"container\">\n\t\t\t\t<\/div>\n\t\t<div class=\"elementor-element elementor-element-c9510ab e-con-full e-flex e-con e-child\" data-id=\"c9510ab\" data-element_type=\"container\" data-e-type=\"container\">\n\t\t\t\t<div class=\"elementor-element elementor-element-98a8679 elementor-position-top elementor-widget elementor-widget-image-box\" data-id=\"98a8679\" data-element_type=\"widget\" data-e-type=\"widget\" data-widget_type=\"image-box.default\">\n\t\t\t\t\t<div class=\"elementor-image-box-wrapper\"><figure class=\"elementor-image-box-img\"><img fetchpriority=\"high\" decoding=\"async\" width=\"1900\" height=\"1267\" src=\"https:\/\/mldhiss80fct.i.optimole.com\/w:auto\/h:auto\/q:mauto\/ig:avif\/https:\/\/lemarinestunemarine.fr\/wp-content\/uploads\/2025\/10\/SiteMarine-12.webp\" class=\"attachment-full size-full wp-image-1312\" alt=\"\" srcset=\"https:\/\/mldhiss80fct.i.optimole.com\/w:auto\/h:auto\/q:mauto\/ig:avif\/https:\/\/lemarinestunemarine.fr\/wp-content\/uploads\/2025\/10\/SiteMarine-12.webp 1900w, https:\/\/mldhiss80fct.i.optimole.com\/w:300\/h:200\/q:mauto\/ig:avif\/https:\/\/lemarinestunemarine.fr\/wp-content\/uploads\/2025\/10\/SiteMarine-12.webp 300w, https:\/\/mldhiss80fct.i.optimole.com\/w:1024\/h:683\/q:mauto\/ig:avif\/https:\/\/lemarinestunemarine.fr\/wp-content\/uploads\/2025\/10\/SiteMarine-12.webp 1024w, https:\/\/mldhiss80fct.i.optimole.com\/w:768\/h:512\/q:mauto\/ig:avif\/https:\/\/lemarinestunemarine.fr\/wp-content\/uploads\/2025\/10\/SiteMarine-12.webp 768w, https:\/\/mldhiss80fct.i.optimole.com\/w:1536\/h:1024\/q:mauto\/ig:avif\/https:\/\/lemarinestunemarine.fr\/wp-content\/uploads\/2025\/10\/SiteMarine-12.jpg 1536w\" sizes=\"(max-width: 1900px) 100vw, 1900px\" \/><\/figure><div class=\"elementor-image-box-content\"><h3 class=\"elementor-image-box-title\">500 milles valid\u00e9s pour la Mini Transat 2027.<\/h3><p class=\"elementor-image-box-description\">Au-del\u00e0 de la course avec les autres c'est surtout une course avec moi-m\u00eame que j'ai v\u00e9cue. Une AVENTURE au bout de moi m\u00eame. Je ne pensais pas avoir tant de ressources. J'ai v\u00e9cu le d\u00e9passement de soi \u00e0 l'\u00e9tat pur. \n\n<\/p><\/div><\/div>\t\t\t\t<\/div>\n\t\t\t\t<\/div>\n\t\t<div class=\"elementor-element elementor-element-b96f730 e-con-full e-flex e-con e-child\" data-id=\"b96f730\" data-element_type=\"container\" data-e-type=\"container\">\n\t\t\t\t<\/div>\n\t\t\t\t\t<\/div>\n\t\t\t\t<\/div>\n\t\t<div class=\"elementor-element elementor-element-11231dc e-flex e-con-boxed e-con e-parent\" data-id=\"11231dc\" data-element_type=\"container\" data-e-type=\"container\">\n\t\t\t\t\t<div class=\"e-con-inner\">\n\t\t<div class=\"elementor-element elementor-element-80a0f41 e-con-full e-flex e-con e-child\" data-id=\"80a0f41\" data-element_type=\"container\" data-e-type=\"container\">\n\t\t\t\t<div class=\"elementor-element elementor-element-3bf9517 elementor-widget elementor-widget-text-editor\" data-id=\"3bf9517\" data-element_type=\"widget\" data-e-type=\"widget\" data-widget_type=\"text-editor.default\">\n\t\t\t\t\t\t\t\t\t<p>Une course riche en PETOLE, propice \u00e0 de grands moments d&rsquo;INTROSPECTION au milieu de l&rsquo;immensit\u00e9 de cette M\u00e9diterran\u00e9e chaude, plate et lisse.<\/p>\t\t\t\t\t\t\t\t<\/div>\n\t\t\t\t<\/div>\n\t\t<div class=\"elementor-element elementor-element-bb47d45 e-con-full e-flex e-con e-child\" data-id=\"bb47d45\" data-element_type=\"container\" data-e-type=\"container\">\n\t\t\t\t<div class=\"elementor-element elementor-element-17442bc elementor-widget elementor-widget-image\" data-id=\"17442bc\" data-element_type=\"widget\" data-e-type=\"widget\" data-widget_type=\"image.default\">\n\t\t\t\t\t\t\t\t\t\t\t\t\t\t\t<img fetchpriority=\"high\" decoding=\"async\" width=\"800\" height=\"534\" src=\"https:\/\/mldhiss80fct.i.optimole.com\/w:1024\/h:683\/q:mauto\/ig:avif\/https:\/\/lemarinestunemarine.fr\/wp-content\/uploads\/2025\/10\/SiteMarine-3.webp\" class=\"attachment-large size-large wp-image-1284\" alt=\"\" srcset=\"https:\/\/mldhiss80fct.i.optimole.com\/w:1024\/h:683\/q:mauto\/ig:avif\/https:\/\/lemarinestunemarine.fr\/wp-content\/uploads\/2025\/10\/SiteMarine-3.webp 1024w, https:\/\/mldhiss80fct.i.optimole.com\/w:300\/h:200\/q:mauto\/ig:avif\/https:\/\/lemarinestunemarine.fr\/wp-content\/uploads\/2025\/10\/SiteMarine-3.webp 300w, https:\/\/mldhiss80fct.i.optimole.com\/w:768\/h:512\/q:mauto\/ig:avif\/https:\/\/lemarinestunemarine.fr\/wp-content\/uploads\/2025\/10\/SiteMarine-3.webp 768w, https:\/\/mldhiss80fct.i.optimole.com\/w:1536\/h:1024\/q:mauto\/ig:avif\/https:\/\/lemarinestunemarine.fr\/wp-content\/uploads\/2025\/10\/SiteMarine-3.webp 1536w, https:\/\/mldhiss80fct.i.optimole.com\/w:auto\/h:auto\/q:mauto\/ig:avif\/https:\/\/lemarinestunemarine.fr\/wp-content\/uploads\/2025\/10\/SiteMarine-3.webp 1900w\" sizes=\"(max-width: 800px) 100vw, 800px\" \/>\t\t\t\t\t\t\t\t\t\t\t\t\t\t\t<\/div>\n\t\t\t\t<\/div>\n\t\t\t\t\t<\/div>\n\t\t\t\t<\/div>\n\t\t<div class=\"elementor-element elementor-element-ec1b1bc e-flex e-con-boxed e-con e-parent\" data-id=\"ec1b1bc\" data-element_type=\"container\" data-e-type=\"container\">\n\t\t\t\t\t<div class=\"e-con-inner\">\n\t\t<div class=\"elementor-element elementor-element-d0df456 e-con-full e-flex e-con e-child\" data-id=\"d0df456\" data-element_type=\"container\" data-e-type=\"container\">\n\t\t\t\t<\/div>\n\t\t<div class=\"elementor-element elementor-element-fed75b8 e-con-full e-flex e-con e-child\" data-id=\"fed75b8\" data-element_type=\"container\" data-e-type=\"container\">\n\t\t\t\t<div class=\"elementor-element elementor-element-d6561da elementor-widget elementor-widget-text-editor\" data-id=\"d6561da\" data-element_type=\"widget\" data-e-type=\"widget\" data-widget_type=\"text-editor.default\">\n\t\t\t\t\t\t\t\t\t<p><\/p><p>Observer, patienter, attendre, accepter, rester concentr\u00e9e.<\/p><p> <\/p><p>La p\u00e9tole, m\u00eame si difficile, est porteuse de tant d&rsquo;apprentissages et d&rsquo;ESPOIR : de l&rsquo;immobilit\u00e9 (qui ne saurait \u00eatre totale et d\u00e9finitive tant qu&rsquo;il y a de la vie), \u00e0 la remise progressive en mouvement, le retour du vent, la fraicheur des premiers souffles sur la peau et dans les voiles, jusqu&rsquo;\u00e0 l&rsquo;euphorie de la vitesse retrouv\u00e9e. Croire qu&rsquo;on y est que \u00e7a y est c&rsquo;est gagn\u00e9 et puis finalement pas encore. <img decoding=\"async\" src=\"https:\/\/static.xx.fbcdn.net\/images\/emoji.php\/v9\/tfd\/2\/16\/26f5.png\" alt=\"\u26f5\" width=\"16\" height=\"16\" \/> All\u00e9gorie de la vie.<\/p><p> <\/p><p>Quelle joie que de traverser seule jusqu&rsquo;en Corse sur mon petit bateau, de passer entre les \u00eeles, de tout donner pour rattraper le groupe, d&rsquo;essayer de naviguer intelligemment, d&rsquo;utiliser ce que j&rsquo;avais sous la main : cerveau, sens, force physique, intuition, courage.<\/p><p> <\/p><p>Cramer au soleil, apercevoir une baleine timide, boire des litres d\u2019eau, ne pas avoir envie de manger, ne pas arriver \u00e0 dormir, voir mon spi chaluter et passer sous le bateau au milieu de la nuit quand je sais que les bruits que j&rsquo;entends sont des hallucinations et que de voir en rose et vert n&rsquo;est pas bon signe. Me transformer en p\u00eacheur irlandais pour remonter mon filet plein d&rsquo;eau et si lourd, monter au mat r\u00e9cup\u00e9rer ma drisse, et me regarder repartir, \u00e9puis\u00e9e au-del\u00e0 de l&rsquo;imaginable mais heureuse, le soleil se levant dans mon dos, fi\u00e8re de n&rsquo;avoir rien cass\u00e9 et capable de reprendre ma route. <img loading=\"lazy\" decoding=\"async\" src=\"https:\/\/static.xx.fbcdn.net\/images\/emoji.php\/v9\/tee\/2\/16\/2600.png\" alt=\"\u2600\ufe0f\" width=\"16\" height=\"16\" \/><\/p><p> <\/p><p>J\u2019ai fait des erreurs et je m\u2019en suis voulu.<\/p><p><\/p>\t\t\t\t\t\t\t\t<\/div>\n\t\t\t\t<\/div>\n\t\t<div class=\"elementor-element elementor-element-733b6ab e-con-full e-flex e-con e-child\" data-id=\"733b6ab\" data-element_type=\"container\" data-e-type=\"container\">\n\t\t\t\t<\/div>\n\t\t\t\t\t<\/div>\n\t\t\t\t<\/div>\n\t\t<div class=\"elementor-element elementor-element-b30d071 e-flex e-con-boxed e-con e-parent\" data-id=\"b30d071\" data-element_type=\"container\" data-e-type=\"container\">\n\t\t\t\t\t<div class=\"e-con-inner\">\n\t\t<div class=\"elementor-element elementor-element-1dfccaf e-con-full e-flex e-con e-child\" data-id=\"1dfccaf\" data-element_type=\"container\" data-e-type=\"container\">\n\t\t\t\t<\/div>\n\t\t<div class=\"elementor-element elementor-element-1e58d56 e-con-full e-flex e-con e-child\" data-id=\"1e58d56\" data-element_type=\"container\" data-e-type=\"container\">\n\t\t\t\t<div class=\"elementor-element elementor-element-f5c340b elementor-widget elementor-widget-image\" data-id=\"f5c340b\" data-element_type=\"widget\" data-e-type=\"widget\" data-widget_type=\"image.default\">\n\t\t\t\t\t\t\t\t\t\t\t\t\t\t\t<img data-opt-src=\"https:\/\/mldhiss80fct.i.optimole.com\/w:1024\/h:576\/q:mauto\/ig:avif\/https:\/\/lemarinestunemarine.fr\/wp-content\/uploads\/2025\/10\/SiteMarine-1.webp\"  loading=\"lazy\" decoding=\"async\" width=\"800\" height=\"450\" src=\"data:image/svg+xml,%3Csvg%20viewBox%3D%220%200%201024%20576%22%20width%3D%221024%22%20height%3D%22576%22%20xmlns%3D%22http%3A%2F%2Fwww.w3.org%2F2000%2Fsvg%22%3E%3Crect%20width%3D%221024%22%20height%3D%22576%22%20fill%3D%22transparent%22%2F%3E%3C%2Fsvg%3E\" class=\"attachment-large size-large wp-image-1281\" alt=\"\" old-srcset=\"https:\/\/mldhiss80fct.i.optimole.com\/w:1024\/h:576\/q:mauto\/ig:avif\/https:\/\/lemarinestunemarine.fr\/wp-content\/uploads\/2025\/10\/SiteMarine-1.webp 1024w, https:\/\/mldhiss80fct.i.optimole.com\/w:300\/h:169\/q:mauto\/ig:avif\/https:\/\/lemarinestunemarine.fr\/wp-content\/uploads\/2025\/10\/SiteMarine-1.webp 300w, https:\/\/mldhiss80fct.i.optimole.com\/w:768\/h:432\/q:mauto\/ig:avif\/https:\/\/lemarinestunemarine.fr\/wp-content\/uploads\/2025\/10\/SiteMarine-1.webp 768w, https:\/\/mldhiss80fct.i.optimole.com\/w:1536\/h:864\/q:mauto\/ig:avif\/https:\/\/lemarinestunemarine.fr\/wp-content\/uploads\/2025\/10\/SiteMarine-1.webp 1536w, https:\/\/mldhiss80fct.i.optimole.com\/w:auto\/h:auto\/q:mauto\/ig:avif\/https:\/\/lemarinestunemarine.fr\/wp-content\/uploads\/2025\/10\/SiteMarine-1.webp 1900w\" \/>\t\t\t\t\t\t\t\t\t\t\t\t\t\t\t<\/div>\n\t\t\t\t<\/div>\n\t\t<div class=\"elementor-element elementor-element-5845b8b e-con-full e-flex e-con e-child\" data-id=\"5845b8b\" data-element_type=\"container\" data-e-type=\"container\">\n\t\t\t\t<div class=\"elementor-element elementor-element-726f83a elementor-widget elementor-widget-text-editor\" data-id=\"726f83a\" data-element_type=\"widget\" data-e-type=\"widget\" data-widget_type=\"text-editor.default\">\n\t\t\t\t\t\t\t\t\t<p>M\u00eame si finalement ce n\u2019est qu\u2019une histoire d\u2019\u00e9go \u00e0 g\u00e9rer quand les erreurs n&rsquo;influent que sur le classement final.<\/p><p><!-- \/wp:paragraph --> <!-- wp:paragraph --><\/p><p>J&rsquo;ai fait des choses bien et je me suis \u00e9pat\u00e9e moi-m\u00eame.<\/p><p><!-- \/wp:paragraph --> <!-- wp:paragraph --><\/p><p>J&rsquo;ai enfin vu ce que je savais faire, j&rsquo;ai vu ma progression en un an, et je visualise mieux aujourd&rsquo;hui ce qu&rsquo;il me reste \u00e0 apprendre.<\/p><p><!-- \/wp:paragraph --> <!-- wp:paragraph {\"placeholder\":\"Contenu\u2026\"} --><\/p><p>J&rsquo;ai retrouv\u00e9 mes enfants, mes proches, mes patients, 5 jours d&rsquo;absence qui ont chang\u00e9 peu de choses pour eux mais beaucoup pour moi.<\/p><p><!-- \/wp:paragraph --><\/p>\t\t\t\t\t\t\t\t<\/div>\n\t\t\t\t<\/div>\n\t\t\t\t\t<\/div>\n\t\t\t\t<\/div>\n\t\t\t\t<\/div>\n\t\t","protected":false},"excerpt":{"rendered":"<p>Au-del\u00e0 de la course avec les autres c&rsquo;est surtout une course avec moi-m\u00eame que j&rsquo;ai v\u00e9cue. Une AVENTURE au bout de moi m\u00eame. Je ne pensais pas avoir tant de ressources. J&rsquo;ai v\u00e9cu le d\u00e9passement de soi \u00e0 l&rsquo;\u00e9tat pur. <\/p>\n","protected":false},"author":1,"featured_media":0,"parent":0,"menu_order":0,"comment_status":"closed","ping_status":"closed","template":"","meta":{"_themeisle_gutenberg_block_has_review":false,"_ti_tpc_template_sync":false,"_ti_tpc_template_id":"","footnotes":""},"class_list":["post-1428","page","type-page","status-publish","hentry"],"aioseo_notices":[],"_links":{"self":[{"href":"https:\/\/lemarinestunemarine.fr\/index.php\/wp-json\/wp\/v2\/pages\/1428","targetHints":{"allow":["GET"]}}],"collection":[{"href":"https:\/\/lemarinestunemarine.fr\/index.php\/wp-json\/wp\/v2\/pages"}],"about":[{"href":"https:\/\/lemarinestunemarine.fr\/index.php\/wp-json\/wp\/v2\/types\/page"}],"author":[{"embeddable":true,"href":"https:\/\/lemarinestunemarine.fr\/index.php\/wp-json\/wp\/v2\/users\/1"}],"replies":[{"embeddable":true,"href":"https:\/\/lemarinestunemarine.fr\/index.php\/wp-json\/wp\/v2\/comments?post=1428"}],"version-history":[{"count":7,"href":"https:\/\/lemarinestunemarine.fr\/index.php\/wp-json\/wp\/v2\/pages\/1428\/revisions"}],"predecessor-version":[{"id":1583,"href":"https:\/\/lemarinestunemarine.fr\/index.php\/wp-json\/wp\/v2\/pages\/1428\/revisions\/1583"}],"wp:attachment":[{"href":"https:\/\/lemarinestunemarine.fr\/index.php\/wp-json\/wp\/v2\/media?parent=1428"}],"curies":[{"name":"wp","href":"https:\/\/api.w.org\/{rel}","templated":true}]}}