{"id":1413,"date":"2025-10-25T08:18:41","date_gmt":"2025-10-25T06:18:41","guid":{"rendered":"https:\/\/lemarinestunemarine.fr\/?page_id=1413"},"modified":"2025-10-25T08:28:02","modified_gmt":"2025-10-25T06:28:02","slug":"romaperduo2025","status":"publish","type":"page","link":"https:\/\/lemarinestunemarine.fr\/index.php\/romaperduo2025\/","title":{"rendered":"RomaPerDuo2025"},"content":{"rendered":"\t\t<div data-elementor-type=\"wp-page\" data-elementor-id=\"1413\" class=\"elementor elementor-1413\">\n\t\t\t\t<div class=\"elementor-element elementor-element-62eb45d e-flex e-con-boxed e-con e-parent\" data-id=\"62eb45d\" data-element_type=\"container\" data-e-type=\"container\">\n\t\t\t\t\t<div class=\"e-con-inner\">\n\t\t<div class=\"elementor-element elementor-element-2a9697d e-con-full e-flex e-con e-child\" data-id=\"2a9697d\" data-element_type=\"container\" data-e-type=\"container\">\n\t\t\t\t<div class=\"elementor-element elementor-element-4ddb294 elementor-widget elementor-widget-text-editor\" data-id=\"4ddb294\" data-element_type=\"widget\" data-e-type=\"widget\" data-widget_type=\"text-editor.default\">\n\t\t\t\t\t\t\t\t\t<p><\/p><h3 class=\"wp-block-heading\">J\u2019appr\u00e9hende cette deuxi\u00e8me course de mani\u00e8re tellement diff\u00e9rente.<\/h3><p> <\/p><p>Je sais un peu plus cette fois \u00e0 quoi m\u2019attendre et m\u00eame si mes derni\u00e8res exp\u00e9riences (en particulier par gros temps) m\u2019ont fait prendre conscience de certaines difficult\u00e9s, je pars plus sereine.<img decoding=\"async\" src=\"https:\/\/static.xx.fbcdn.net\/images\/emoji.php\/v9\/tae\/2\/16\/1f9d8_1f3fc_200d_2640.png\" alt=\"\ud83e\uddd8\ud83c\udffc\u200d\u2640\ufe0f\" width=\"16\" height=\"16\" \/><\/p><p> <\/p><p>Je pars moins longtemps. Avec le convoyage du bateau depuis Marseille (aller puis retour) et la course en elle-m\u00eame il faudra compter aux alentours de 15 jours.<\/p><p> <\/p><p>J\u2019ai h\u00e2te de retrouver le large, de v\u00e9rifier que la beaut\u00e9 et la qui\u00e9tude que j\u2019ai d\u00e9couvertes lors de la Palma-Melilla existent bel et bien.<img decoding=\"async\" src=\"https:\/\/static.xx.fbcdn.net\/images\/emoji.php\/v9\/t20\/2\/16\/1f60c.png\" alt=\"\ud83d\ude0c\" width=\"16\" height=\"16\" \/><\/p><p> <\/p><p>Les doutes de l\u2019hiver ont \u00e9t\u00e9 surmont\u00e9s par l\u2019entrainement du week-end dernier, gr\u00e2ce \u00e0 Mathieu Claveau et aux copains de MSA. Revoir les bases, revivre les \u00e9tapes les unes apr\u00e8s les autres, reprendre confiance. En moi et en mon bateau.<img decoding=\"async\" src=\"https:\/\/static.xx.fbcdn.net\/images\/emoji.php\/v9\/t1f\/2\/16\/1f64f.png\" alt=\"\ud83d\ude4f\" width=\"16\" height=\"16\" \/><\/p><p><\/p>\t\t\t\t\t\t\t\t<\/div>\n\t\t\t\t<\/div>\n\t\t<div class=\"elementor-element elementor-element-c4b4bb1 e-con-full e-flex e-con e-child\" data-id=\"c4b4bb1\" data-element_type=\"container\" data-e-type=\"container\">\n\t\t\t\t<div class=\"elementor-element elementor-element-1560a0f elementor-widget elementor-widget-image\" data-id=\"1560a0f\" data-element_type=\"widget\" data-e-type=\"widget\" data-widget_type=\"image.default\">\n\t\t\t\t\t\t\t\t\t\t\t\t\t\t\t<img fetchpriority=\"high\" loading=\"lazy\" decoding=\"async\" width=\"800\" height=\"800\" src=\"https:\/\/mldhiss80fct.i.optimole.com\/w:1024\/h:1024\/q:mauto\/ig:avif\/https:\/\/lemarinestunemarine.fr\/wp-content\/uploads\/2025\/03\/484985187_17878034199276044_9020786869840448682_n.jpg\" class=\"attachment-large size-large wp-image-1137\" alt=\"\" srcset=\"https:\/\/mldhiss80fct.i.optimole.com\/w:1024\/h:1024\/q:mauto\/ig:avif\/https:\/\/lemarinestunemarine.fr\/wp-content\/uploads\/2025\/03\/484985187_17878034199276044_9020786869840448682_n.jpg 1024w, https:\/\/mldhiss80fct.i.optimole.com\/w:300\/h:300\/q:mauto\/ig:avif\/https:\/\/lemarinestunemarine.fr\/wp-content\/uploads\/2025\/03\/484985187_17878034199276044_9020786869840448682_n.jpg 300w, https:\/\/mldhiss80fct.i.optimole.com\/w:150\/h:150\/q:mauto\/rt:fill\/g:ce\/ig:avif\/https:\/\/lemarinestunemarine.fr\/wp-content\/uploads\/2025\/03\/484985187_17878034199276044_9020786869840448682_n.jpg 150w, https:\/\/mldhiss80fct.i.optimole.com\/w:768\/h:768\/q:mauto\/ig:avif\/https:\/\/lemarinestunemarine.fr\/wp-content\/uploads\/2025\/03\/484985187_17878034199276044_9020786869840448682_n.jpg 768w, https:\/\/mldhiss80fct.i.optimole.com\/w:auto\/h:auto\/q:mauto\/ig:avif\/https:\/\/lemarinestunemarine.fr\/wp-content\/uploads\/2025\/03\/484985187_17878034199276044_9020786869840448682_n.jpg 1200w\" sizes=\"(max-width: 800px) 100vw, 800px\" \/>\t\t\t\t\t\t\t\t\t\t\t\t\t\t\t<\/div>\n\t\t\t\t<\/div>\n\t\t<div class=\"elementor-element elementor-element-92417ef e-con-full e-flex e-con e-child\" data-id=\"92417ef\" data-element_type=\"container\" data-e-type=\"container\">\n\t\t\t\t<div class=\"elementor-element elementor-element-a37a0c5 elementor-widget elementor-widget-image\" data-id=\"a37a0c5\" data-element_type=\"widget\" data-e-type=\"widget\" data-widget_type=\"image.default\">\n\t\t\t\t\t\t\t\t\t\t\t\t\t\t\t<img fetchpriority=\"high\" loading=\"lazy\" decoding=\"async\" width=\"800\" height=\"800\" src=\"https:\/\/mldhiss80fct.i.optimole.com\/w:1024\/h:1024\/q:mauto\/ig:avif\/https:\/\/lemarinestunemarine.fr\/wp-content\/uploads\/2025\/03\/485855203_17878034151276044_6303007406434692370_n.jpg\" class=\"attachment-large size-large wp-image-1141\" alt=\"\" srcset=\"https:\/\/mldhiss80fct.i.optimole.com\/w:1024\/h:1024\/q:mauto\/ig:avif\/https:\/\/lemarinestunemarine.fr\/wp-content\/uploads\/2025\/03\/485855203_17878034151276044_6303007406434692370_n.jpg 1024w, https:\/\/mldhiss80fct.i.optimole.com\/w:300\/h:300\/q:mauto\/ig:avif\/https:\/\/lemarinestunemarine.fr\/wp-content\/uploads\/2025\/03\/485855203_17878034151276044_6303007406434692370_n.jpg 300w, https:\/\/mldhiss80fct.i.optimole.com\/w:150\/h:150\/q:mauto\/rt:fill\/g:ce\/ig:avif\/https:\/\/lemarinestunemarine.fr\/wp-content\/uploads\/2025\/03\/485855203_17878034151276044_6303007406434692370_n.jpg 150w, https:\/\/mldhiss80fct.i.optimole.com\/w:768\/h:768\/q:mauto\/ig:avif\/https:\/\/lemarinestunemarine.fr\/wp-content\/uploads\/2025\/03\/485855203_17878034151276044_6303007406434692370_n.jpg 768w, https:\/\/mldhiss80fct.i.optimole.com\/w:auto\/h:auto\/q:mauto\/ig:avif\/https:\/\/lemarinestunemarine.fr\/wp-content\/uploads\/2025\/03\/485855203_17878034151276044_6303007406434692370_n.jpg 1440w\" sizes=\"(max-width: 800px) 100vw, 800px\" \/>\t\t\t\t\t\t\t\t\t\t\t\t\t\t\t<\/div>\n\t\t\t\t<\/div>\n\t\t<div class=\"elementor-element elementor-element-1e73069 e-con-full e-flex e-con e-child\" data-id=\"1e73069\" data-element_type=\"container\" data-e-type=\"container\">\n\t\t\t\t<div class=\"elementor-element elementor-element-34f7903 elementor-widget elementor-widget-text-editor\" data-id=\"34f7903\" data-element_type=\"widget\" data-e-type=\"widget\" data-widget_type=\"text-editor.default\">\n\t\t\t\t\t\t\t\t\t<p><\/p><h3 class=\"wp-block-heading\">Changement d&rsquo;\u00e9quipe<\/h3><p> <\/p><p>J\u2019aurai la chance pour cette course de naviguer avec Gavino Puggioni, en qui j\u2019ai totale confiance, tant en ses qualit\u00e9s de marin (ministe lui aussi) que d\u2019ami.<\/p><p> <\/p><p>Le temps va s\u2019acc\u00e9l\u00e9rer jusqu\u2019au d\u00e9part mais gr\u00e2ce \u00e0 mes partenaires (qui eux aussi commencent \u00e0 prendre leurs marques <img loading=\"lazy\" decoding=\"async\" src=\"https:\/\/static.xx.fbcdn.net\/images\/emoji.php\/v9\/tf6\/2\/16\/1f609.png\" alt=\"\ud83d\ude09\" width=\"16\" height=\"16\" \/>) je sais qu\u2019on sera pr\u00eats pour ce fabuleux voyage qui nous attend.<\/p><p><\/p>\t\t\t\t\t\t\t\t<\/div>\n\t\t\t\t<\/div>\n\t\t\t\t\t<\/div>\n\t\t\t\t<\/div>\n\t\t<div class=\"elementor-element elementor-element-702b065 e-flex e-con-boxed e-con e-parent\" data-id=\"702b065\" data-element_type=\"container\" data-e-type=\"container\">\n\t\t\t\t\t<div class=\"e-con-inner\">\n\t\t\t\t<div class=\"elementor-element elementor-element-d2a0d08 elementor-widget elementor-widget-video\" data-id=\"d2a0d08\" data-element_type=\"widget\" data-e-type=\"widget\" data-settings=\"{&quot;youtube_url&quot;:&quot;https:\\\/\\\/youtu.be\\\/trlCpPdpeKQ&quot;,&quot;video_type&quot;:&quot;youtube&quot;,&quot;controls&quot;:&quot;yes&quot;}\" data-widget_type=\"video.default\">\n\t\t\t\t\t\t\t<div class=\"elementor-wrapper elementor-open-inline\">\n\t\t\t<div class=\"elementor-video\"><\/div>\t\t<\/div>\n\t\t\t\t\t\t<\/div>\n\t\t\t\t\t<\/div>\n\t\t\t\t<\/div>\n\t\t<div class=\"elementor-element elementor-element-bd0fadf e-flex e-con-boxed e-con e-parent\" data-id=\"bd0fadf\" data-element_type=\"container\" data-e-type=\"container\">\n\t\t\t\t\t<div class=\"e-con-inner\">\n\t\t<div class=\"elementor-element elementor-element-7817ee4 e-con-full e-flex e-con e-child\" data-id=\"7817ee4\" data-element_type=\"container\" data-e-type=\"container\">\n\t\t\t\t<div class=\"elementor-element elementor-element-0002258 elementor-widget elementor-widget-text-editor\" data-id=\"0002258\" data-element_type=\"widget\" data-e-type=\"widget\" data-widget_type=\"text-editor.default\">\n\t\t\t\t\t\t\t\t\t<p><\/p><h3 class=\"wp-block-heading\">Une course difficile !<\/h3><p> <\/p><p>550 NM = 1018,6 km parcourus sur la Roma Per Due au d\u00e9part de Riva di Traiano.<br \/><br \/>Qu&rsquo;avons nous fait pendant 4 jours 2 heures et 6 minutes ?<br \/>\u27a1\ufe0f AVANCER : faire avancer le bateau et avancer avec lui.<br \/><br \/>Apr\u00e8s un d\u00e9part pas terrible et surtout un mauvais choix strat\u00e9gique sur les premiers bords qui nous ont \u00e9loign\u00e9s de la route, nous sommes en fin de peloton, tenant tant bien que mal plus de 48 heures au PR\u00c8S dans 20 \u00e0 28 n\u0153uds de vent, face \u00e0 une mer houleuse et crois\u00e9e, o\u00f9 \u00e0 chaque vague le bateau tapait si fort qu&rsquo;on appr\u00e9hendait la suivante craignant que tout casse.<\/p><p><\/p>\t\t\t\t\t\t\t\t<\/div>\n\t\t\t\t<\/div>\n\t\t<div class=\"elementor-element elementor-element-399a97f e-con-full e-flex e-con e-child\" data-id=\"399a97f\" data-element_type=\"container\" data-e-type=\"container\">\n\t\t\t\t<div class=\"elementor-element elementor-element-4542445 elementor-widget elementor-widget-image\" data-id=\"4542445\" data-element_type=\"widget\" data-e-type=\"widget\" data-widget_type=\"image.default\">\n\t\t\t\t\t\t\t\t\t\t\t\t\t\t\t<img data-opt-src=\"https:\/\/mldhiss80fct.i.optimole.com\/w:1024\/h:1024\/q:mauto\/ig:avif\/https:\/\/lemarinestunemarine.fr\/wp-content\/uploads\/2025\/03\/485185802_17878034169276044_8491644235570379730_n.jpg\"  loading=\"lazy\" decoding=\"async\" width=\"800\" height=\"800\" src=\"data:image/svg+xml,%3Csvg%20viewBox%3D%220%200%201024%201024%22%20width%3D%221024%22%20height%3D%221024%22%20xmlns%3D%22http%3A%2F%2Fwww.w3.org%2F2000%2Fsvg%22%3E%3Crect%20width%3D%221024%22%20height%3D%221024%22%20fill%3D%22transparent%22%2F%3E%3C%2Fsvg%3E\" class=\"attachment-large size-large wp-image-1139\" alt=\"\" old-srcset=\"https:\/\/mldhiss80fct.i.optimole.com\/w:1024\/h:1024\/q:mauto\/ig:avif\/https:\/\/lemarinestunemarine.fr\/wp-content\/uploads\/2025\/03\/485185802_17878034169276044_8491644235570379730_n.jpg 1024w, https:\/\/mldhiss80fct.i.optimole.com\/w:300\/h:300\/q:mauto\/ig:avif\/https:\/\/lemarinestunemarine.fr\/wp-content\/uploads\/2025\/03\/485185802_17878034169276044_8491644235570379730_n.jpg 300w, https:\/\/mldhiss80fct.i.optimole.com\/w:150\/h:150\/q:mauto\/rt:fill\/g:ce\/ig:avif\/https:\/\/lemarinestunemarine.fr\/wp-content\/uploads\/2025\/03\/485185802_17878034169276044_8491644235570379730_n.jpg 150w, https:\/\/mldhiss80fct.i.optimole.com\/w:768\/h:768\/q:mauto\/ig:avif\/https:\/\/lemarinestunemarine.fr\/wp-content\/uploads\/2025\/03\/485185802_17878034169276044_8491644235570379730_n.jpg 768w, https:\/\/mldhiss80fct.i.optimole.com\/w:auto\/h:auto\/q:mauto\/ig:avif\/https:\/\/lemarinestunemarine.fr\/wp-content\/uploads\/2025\/03\/485185802_17878034169276044_8491644235570379730_n.jpg 1440w\" \/>\t\t\t\t\t\t\t\t\t\t\t\t\t\t\t<\/div>\n\t\t\t\t<\/div>\n\t\t<div class=\"elementor-element elementor-element-90ef07a e-con-full e-flex e-con e-child\" data-id=\"90ef07a\" data-element_type=\"container\" data-e-type=\"container\">\n\t\t\t\t<div class=\"elementor-element elementor-element-888c78a elementor-widget elementor-widget-text-editor\" data-id=\"888c78a\" data-element_type=\"widget\" data-e-type=\"widget\" data-widget_type=\"text-editor.default\">\n\t\t\t\t\t\t\t\t\t<p>3 jours sans soleil, 100% d&rsquo;humidit\u00e9, tremp\u00e9s, malades, ayant du mal \u00e0 nous hydrater et \u00e0 nous alimenter, n&rsquo;ayant pas optimis\u00e9 le r\u00e9glage de nos voiles, on souffrait avec le bateau, nous demandant ce qu&rsquo;on faisait l\u00e0 et si tout ceci avait un sens. \ud83d\ude05<br \/><br \/>La proximit\u00e9 avec les copains marseillais de <a href=\"https:\/\/www.linkedin.com\/company\/massilia-sailing-academy\/\">Massilia Sailing Academy<\/a> l&rsquo;humour dont on a pu faire preuve sur la VHF (vivant tous la m\u00eame gal\u00e8re), et la bonne entente entre co-\u00e9quipiers nous ont permis d&rsquo;atteindre le waypoint de r\u00e9duction de parcours, impos\u00e9 par la direction de course \u00e9tant donn\u00e9 les conditions d\u00e9favorables \u00e0 l&rsquo;origine de multiples abandons. \ud83d\ude36\u200d\ud83c\udf2b\ufe0f<br \/><br \/>Le retour au portant, avec une zone de p\u00e9tole mettant une fois de plus nos nerfs \u00e0 rude \u00e9preuve nous a permis de retrouver soleil, lune, dauphins, mer apais\u00e9e, nous laissant la possibilit\u00e9 de nous reposer avant le sprint final.<\/p>\t\t\t\t\t\t\t\t<\/div>\n\t\t\t\t<\/div>\n\t\t<div class=\"elementor-element elementor-element-178a3d7 e-con-full e-flex e-con e-child\" data-id=\"178a3d7\" data-element_type=\"container\" data-e-type=\"container\">\n\t\t\t\t<div class=\"elementor-element elementor-element-107e70a elementor-widget elementor-widget-image\" data-id=\"107e70a\" data-element_type=\"widget\" data-e-type=\"widget\" data-widget_type=\"image.default\">\n\t\t\t\t\t\t\t\t\t\t\t\t\t\t\t<img data-opt-src=\"https:\/\/mldhiss80fct.i.optimole.com\/w:1024\/h:1024\/q:mauto\/ig:avif\/https:\/\/lemarinestunemarine.fr\/wp-content\/uploads\/2025\/03\/485760470_17878034136276044_2515403714748028822_n.jpg\"  loading=\"lazy\" decoding=\"async\" width=\"800\" height=\"800\" src=\"data:image/svg+xml,%3Csvg%20viewBox%3D%220%200%201024%201024%22%20width%3D%221024%22%20height%3D%221024%22%20xmlns%3D%22http%3A%2F%2Fwww.w3.org%2F2000%2Fsvg%22%3E%3Crect%20width%3D%221024%22%20height%3D%221024%22%20fill%3D%22transparent%22%2F%3E%3C%2Fsvg%3E\" class=\"attachment-large size-large wp-image-1140\" alt=\"\" old-srcset=\"https:\/\/mldhiss80fct.i.optimole.com\/w:1024\/h:1024\/q:mauto\/ig:avif\/https:\/\/lemarinestunemarine.fr\/wp-content\/uploads\/2025\/03\/485760470_17878034136276044_2515403714748028822_n.jpg 1024w, https:\/\/mldhiss80fct.i.optimole.com\/w:300\/h:300\/q:mauto\/ig:avif\/https:\/\/lemarinestunemarine.fr\/wp-content\/uploads\/2025\/03\/485760470_17878034136276044_2515403714748028822_n.jpg 300w, https:\/\/mldhiss80fct.i.optimole.com\/w:150\/h:150\/q:mauto\/rt:fill\/g:ce\/ig:avif\/https:\/\/lemarinestunemarine.fr\/wp-content\/uploads\/2025\/03\/485760470_17878034136276044_2515403714748028822_n.jpg 150w, https:\/\/mldhiss80fct.i.optimole.com\/w:768\/h:768\/q:mauto\/ig:avif\/https:\/\/lemarinestunemarine.fr\/wp-content\/uploads\/2025\/03\/485760470_17878034136276044_2515403714748028822_n.jpg 768w, https:\/\/mldhiss80fct.i.optimole.com\/w:auto\/h:auto\/q:mauto\/ig:avif\/https:\/\/lemarinestunemarine.fr\/wp-content\/uploads\/2025\/03\/485760470_17878034136276044_2515403714748028822_n.jpg 1179w\" \/>\t\t\t\t\t\t\t\t\t\t\t\t\t\t\t<\/div>\n\t\t\t\t<\/div>\n\t\t<div class=\"elementor-element elementor-element-5abb43b e-con-full e-flex e-con e-child\" data-id=\"5abb43b\" data-element_type=\"container\" data-e-type=\"container\">\n\t\t\t\t<div class=\"elementor-element elementor-element-4685f4d elementor-widget elementor-widget-text-editor\" data-id=\"4685f4d\" data-element_type=\"widget\" data-e-type=\"widget\" data-widget_type=\"text-editor.default\">\n\t\t\t\t\t\t\t\t\t<p><br \/><a href=\"https:\/\/www.linkedin.com\/search\/results\/all\/?keywords=%23battrapa&amp;origin=HASH_TAG_FROM_FEED\">hashtag#Battrapa<\/a> a rattrap\u00e9 son retard montant jusqu&rsquo;\u00e0 17,4 n\u0153uds de vitesse (sous toile r\u00e9duite), un vrai bolide surfant dans les vagues, nous entrainant avec lui dans un \u00e9tat d&rsquo;euphorie, limite inconscient, o\u00f9 les d\u00e9parts au lof nous ont incit\u00e9 \u00e0 changer notre voile d&rsquo;avant pour terminer, peut-\u00eatre plus lentement la course mais en s\u00e9curit\u00e9. On termine 7\u00e8\/11.<\/p><p>Une course difficile, o\u00f9 j&rsquo;ai \u00e9norm\u00e9ment appris et ai eu beaucoup de remises en question. \ud83d\ude4f\ud83c\udffc<\/p><p>Comment une fois \u00e0 terre avoir d\u00e9j\u00e0 envie de repartir alors que quelques heures auparavant je m&rsquo;assurais \u00e0 moi-m\u00eame vouloir tout arr\u00eater ?<\/p>\t\t\t\t\t\t\t\t<\/div>\n\t\t\t\t<\/div>\n\t\t<div class=\"elementor-element elementor-element-ef1b214 e-con-full e-flex e-con e-child\" data-id=\"ef1b214\" data-element_type=\"container\" data-e-type=\"container\">\n\t\t\t\t<div class=\"elementor-element elementor-element-0e9e48b elementor-widget elementor-widget-image\" data-id=\"0e9e48b\" data-element_type=\"widget\" data-e-type=\"widget\" data-widget_type=\"image.default\">\n\t\t\t\t\t\t\t\t\t\t\t\t\t\t\t<img data-opt-src=\"https:\/\/mldhiss80fct.i.optimole.com\/w:1024\/h:1024\/q:mauto\/ig:avif\/https:\/\/lemarinestunemarine.fr\/wp-content\/uploads\/2025\/03\/486314750_17878034127276044_747880086382333784_n.jpg\"  loading=\"lazy\" decoding=\"async\" width=\"800\" height=\"800\" src=\"data:image/svg+xml,%3Csvg%20viewBox%3D%220%200%201024%201024%22%20width%3D%221024%22%20height%3D%221024%22%20xmlns%3D%22http%3A%2F%2Fwww.w3.org%2F2000%2Fsvg%22%3E%3Crect%20width%3D%221024%22%20height%3D%221024%22%20fill%3D%22transparent%22%2F%3E%3C%2Fsvg%3E\" class=\"attachment-large size-large wp-image-1138\" alt=\"\" old-srcset=\"https:\/\/mldhiss80fct.i.optimole.com\/w:1024\/h:1024\/q:mauto\/ig:avif\/https:\/\/lemarinestunemarine.fr\/wp-content\/uploads\/2025\/03\/486314750_17878034127276044_747880086382333784_n.jpg 1024w, https:\/\/mldhiss80fct.i.optimole.com\/w:300\/h:300\/q:mauto\/ig:avif\/https:\/\/lemarinestunemarine.fr\/wp-content\/uploads\/2025\/03\/486314750_17878034127276044_747880086382333784_n.jpg 300w, https:\/\/mldhiss80fct.i.optimole.com\/w:150\/h:150\/q:mauto\/rt:fill\/g:ce\/ig:avif\/https:\/\/lemarinestunemarine.fr\/wp-content\/uploads\/2025\/03\/486314750_17878034127276044_747880086382333784_n.jpg 150w, https:\/\/mldhiss80fct.i.optimole.com\/w:768\/h:768\/q:mauto\/ig:avif\/https:\/\/lemarinestunemarine.fr\/wp-content\/uploads\/2025\/03\/486314750_17878034127276044_747880086382333784_n.jpg 768w, https:\/\/mldhiss80fct.i.optimole.com\/w:auto\/h:auto\/q:mauto\/ig:avif\/https:\/\/lemarinestunemarine.fr\/wp-content\/uploads\/2025\/03\/486314750_17878034127276044_747880086382333784_n.jpg 1179w\" \/>\t\t\t\t\t\t\t\t\t\t\t\t\t\t\t<\/div>\n\t\t\t\t<\/div>\n\t\t\t\t\t<\/div>\n\t\t\t\t<\/div>\n\t\t<div class=\"elementor-element elementor-element-38b14cf e-flex e-con-boxed e-con e-parent\" data-id=\"38b14cf\" data-element_type=\"container\" data-e-type=\"container\">\n\t\t\t\t\t<div class=\"e-con-inner\">\n\t\t\t\t<div class=\"elementor-element elementor-element-a5e2015 elementor-widget elementor-widget-text-editor\" data-id=\"a5e2015\" data-element_type=\"widget\" data-e-type=\"widget\" data-widget_type=\"text-editor.default\">\n\t\t\t\t\t\t\t\t\t<p>L&rsquo;id\u00e9e de ce projet n&rsquo;est pas de souffrir.\u00a0Mais la difficult\u00e9 n&rsquo;est-elle pas inh\u00e9rente \u00e0 l&rsquo;aventure surtout quand elle est extr\u00eame ? \ud83e\udd14<br \/><br \/>Merci \u00e0 tous pour vos messages d&rsquo;encouragement, merci \u00e0 mes sponsors, merci \u00e0 <a href=\"https:\/\/www.linkedin.com\/in\/gavino-puggioni-507724300\/\">gavino puggioni<\/a> : que de souvenirs, on n&rsquo;imagine pas les liens qui peuvent se cr\u00e9er quand on partage des moments comme ceux-l\u00e0.<br \/><br \/>Je rentre\u00a0avec l&rsquo;objectif maintenu de prendre le d\u00e9part (en solitaire cette fois) de la Massilia Offshore fin juin, au d\u00e9part de Marseille. \ud83d\udc4d\ud83c\udffc<br \/><br \/>L&rsquo;AVENTURE CONTINUE !!!<\/p>\t\t\t\t\t\t\t\t<\/div>\n\t\t\t\t\t<\/div>\n\t\t\t\t<\/div>\n\t\t\t\t<\/div>\n\t\t","protected":false},"excerpt":{"rendered":"<p>La course \u00ab\u00a0Roma per Due\u00a0\u00bb sera lanc\u00e9e le 12 avril : 535 miles en double au d\u00e9part de Riva di Traiano en Italie.<\/p>\n","protected":false},"author":1,"featured_media":0,"parent":0,"menu_order":0,"comment_status":"closed","ping_status":"closed","template":"elementor_theme","meta":{"_themeisle_gutenberg_block_has_review":false,"_ti_tpc_template_sync":false,"_ti_tpc_template_id":"","footnotes":""},"class_list":["post-1413","page","type-page","status-publish","hentry"],"aioseo_notices":[],"_links":{"self":[{"href":"https:\/\/lemarinestunemarine.fr\/index.php\/wp-json\/wp\/v2\/pages\/1413","targetHints":{"allow":["GET"]}}],"collection":[{"href":"https:\/\/lemarinestunemarine.fr\/index.php\/wp-json\/wp\/v2\/pages"}],"about":[{"href":"https:\/\/lemarinestunemarine.fr\/index.php\/wp-json\/wp\/v2\/types\/page"}],"author":[{"embeddable":true,"href":"https:\/\/lemarinestunemarine.fr\/index.php\/wp-json\/wp\/v2\/users\/1"}],"replies":[{"embeddable":true,"href":"https:\/\/lemarinestunemarine.fr\/index.php\/wp-json\/wp\/v2\/comments?post=1413"}],"version-history":[{"count":4,"href":"https:\/\/lemarinestunemarine.fr\/index.php\/wp-json\/wp\/v2\/pages\/1413\/revisions"}],"predecessor-version":[{"id":1418,"href":"https:\/\/lemarinestunemarine.fr\/index.php\/wp-json\/wp\/v2\/pages\/1413\/revisions\/1418"}],"wp:attachment":[{"href":"https:\/\/lemarinestunemarine.fr\/index.php\/wp-json\/wp\/v2\/media?parent=1413"}],"curies":[{"name":"wp","href":"https:\/\/api.w.org\/{rel}","templated":true}]}}