{"id":1187,"date":"2025-10-18T13:01:05","date_gmt":"2025-10-18T11:01:05","guid":{"rendered":"https:\/\/lemarinestunemarine.fr\/index.php\/le-voilier-2\/"},"modified":"2025-10-25T20:32:31","modified_gmt":"2025-10-25T18:32:31","slug":"le-voilier-2","status":"publish","type":"page","link":"https:\/\/lemarinestunemarine.fr\/index.php\/le-voilier-2\/","title":{"rendered":"Le voilier"},"content":{"rendered":"\t\t<div data-elementor-type=\"wp-page\" data-elementor-id=\"1187\" class=\"elementor elementor-1187\">\n\t\t\t\t<div class=\"elementor-element elementor-element-20db9d7 e-flex e-con-boxed e-con e-parent\" data-id=\"20db9d7\" data-element_type=\"container\" data-e-type=\"container\" data-settings=\"{&quot;background_background&quot;:&quot;classic&quot;}\">\n\t\t\t\t\t<div class=\"e-con-inner\">\n\t\t<div class=\"elementor-element elementor-element-9d5272e e-con-full e-flex e-con e-child\" data-id=\"9d5272e\" data-element_type=\"container\" data-e-type=\"container\">\n\t\t\t\t<div class=\"elementor-element elementor-element-d8aa0ac elementor-widget elementor-widget-image\" data-id=\"d8aa0ac\" data-element_type=\"widget\" data-e-type=\"widget\" data-widget_type=\"image.default\">\n\t\t\t\t\t\t\t\t\t\t\t\t\t\t\t<img fetchpriority=\"high\" decoding=\"async\" width=\"682\" height=\"1024\" src=\"https:\/\/mldhiss80fct.i.optimole.com\/w:682\/h:1024\/q:mauto\/ig:avif\/https:\/\/lemarinestunemarine.fr\/wp-content\/uploads\/2024\/09\/MAXI650-MCREST-GUILLUY-BAT-RVB-1.png\" class=\"attachment-large size-large wp-image-1011\" alt=\"\" srcset=\"https:\/\/mldhiss80fct.i.optimole.com\/w:682\/h:1024\/q:mauto\/ig:avif\/https:\/\/lemarinestunemarine.fr\/wp-content\/uploads\/2024\/09\/MAXI650-MCREST-GUILLUY-BAT-RVB-1.png 682w, https:\/\/mldhiss80fct.i.optimole.com\/w:200\/h:300\/q:mauto\/ig:avif\/https:\/\/lemarinestunemarine.fr\/wp-content\/uploads\/2024\/09\/MAXI650-MCREST-GUILLUY-BAT-RVB-1.png 200w, https:\/\/mldhiss80fct.i.optimole.com\/w:720\/h:1080\/q:mauto\/ig:avif\/https:\/\/lemarinestunemarine.fr\/wp-content\/uploads\/2024\/09\/MAXI650-MCREST-GUILLUY-BAT-RVB-1.png 768w, https:\/\/mldhiss80fct.i.optimole.com\/w:720\/h:1080\/q:mauto\/ig:avif\/https:\/\/lemarinestunemarine.fr\/wp-content\/uploads\/2024\/09\/MAXI650-MCREST-GUILLUY-BAT-RVB-1.png 1024w, https:\/\/mldhiss80fct.i.optimole.com\/w:auto\/h:auto\/q:mauto\/ig:avif\/https:\/\/lemarinestunemarine.fr\/wp-content\/uploads\/2024\/09\/MAXI650-MCREST-GUILLUY-BAT-RVB-1.png 1181w\" sizes=\"(max-width: 682px) 100vw, 682px\" \/>\t\t\t\t\t\t\t\t\t\t\t\t\t\t\t<\/div>\n\t\t\t\t<\/div>\n\t\t<div class=\"elementor-element elementor-element-44291f0 e-con-full e-flex e-con e-child\" data-id=\"44291f0\" data-element_type=\"container\" data-e-type=\"container\">\n\t\t\t\t<div class=\"elementor-element elementor-element-59f5c8f elementor-position-inline-start elementor-view-default elementor-mobile-position-block-start elementor-widget elementor-widget-icon-box\" data-id=\"59f5c8f\" data-element_type=\"widget\" data-e-type=\"widget\" data-widget_type=\"icon-box.default\">\n\t\t\t\t\t\t\t<div class=\"elementor-icon-box-wrapper\">\n\n\t\t\t\t\t\t<div class=\"elementor-icon-box-icon\">\n\t\t\t\t<span  class=\"elementor-icon\">\n\t\t\t\t<svg aria-hidden=\"true\" class=\"e-font-icon-svg e-fas-star\" viewBox=\"0 0 576 512\" xmlns=\"http:\/\/www.w3.org\/2000\/svg\"><path d=\"M259.3 17.8L194 150.2 47.9 171.5c-26.2 3.8-36.7 36.1-17.7 54.6l105.7 103-25 145.5c-4.5 26.3 23.2 46 46.4 33.7L288 439.6l130.7 68.7c23.2 12.2 50.9-7.4 46.4-33.7l-25-145.5 105.7-103c19-18.5 8.5-50.8-17.7-54.6L382 150.2 316.7 17.8c-11.7-23.6-45.6-23.9-57.4 0z\"><\/path><\/svg>\t\t\t\t<\/span>\n\t\t\t<\/div>\n\t\t\t\n\t\t\t\t\t\t<div class=\"elementor-icon-box-content\">\n\n\t\t\t\t\t\t\t\t\t<h3 class=\"elementor-icon-box-title\">\n\t\t\t\t\t\t<span  >\n\t\t\t\t\t\t\tBateau neuf chantier IDB Marine Maxi 650 Plan Raison\t\t\t\t\t\t<\/span>\n\t\t\t\t\t<\/h3>\n\t\t\t\t\n\t\t\t\t\n\t\t\t<\/div>\n\t\t\t\n\t\t<\/div>\n\t\t\t\t\t\t<\/div>\n\t\t\t\t<div class=\"elementor-element elementor-element-16004e0 elementor-position-inline-start elementor-view-default elementor-mobile-position-block-start elementor-widget elementor-widget-icon-box\" data-id=\"16004e0\" data-element_type=\"widget\" data-e-type=\"widget\" data-widget_type=\"icon-box.default\">\n\t\t\t\t\t\t\t<div class=\"elementor-icon-box-wrapper\">\n\n\t\t\t\t\t\t<div class=\"elementor-icon-box-icon\">\n\t\t\t\t<span  class=\"elementor-icon\">\n\t\t\t\t<svg aria-hidden=\"true\" class=\"e-font-icon-svg e-fas-star\" viewBox=\"0 0 576 512\" xmlns=\"http:\/\/www.w3.org\/2000\/svg\"><path d=\"M259.3 17.8L194 150.2 47.9 171.5c-26.2 3.8-36.7 36.1-17.7 54.6l105.7 103-25 145.5c-4.5 26.3 23.2 46 46.4 33.7L288 439.6l130.7 68.7c23.2 12.2 50.9-7.4 46.4-33.7l-25-145.5 105.7-103c19-18.5 8.5-50.8-17.7-54.6L382 150.2 316.7 17.8c-11.7-23.6-45.6-23.9-57.4 0z\"><\/path><\/svg>\t\t\t\t<\/span>\n\t\t\t<\/div>\n\t\t\t\n\t\t\t\t\t\t<div class=\"elementor-icon-box-content\">\n\n\t\t\t\t\t\t\t\t\t<h3 class=\"elementor-icon-box-title\">\n\t\t\t\t\t\t<span  >\n\t\t\t\t\t\t\tCaract\u00e9ristiques\t\t\t\t\t\t<\/span>\n\t\t\t\t\t<\/h3>\n\t\t\t\t\n\t\t\t\t\t\t\t\t\t<p class=\"elementor-icon-box-description\">\n\t\t\t\t\t\t\n<p>Ann\u00e9e de construction : <strong>2024<\/strong><\/p><p>Longueur : <b>6.50<\/b> m \/ Largeur : <b>3<\/b> m<\/p><p>Surface de Voile Max : <b>115<\/b> m2<\/p><p>Poids \u00e0 vide : <b>950<\/b> Kg<\/p><p>Vitesse Max : <b>19<\/b> kts<\/p>\n\t\t\t\t\t<\/p>\n\t\t\t\t\n\t\t\t<\/div>\n\t\t\t\n\t\t<\/div>\n\t\t\t\t\t\t<\/div>\n\t\t\t\t<div class=\"elementor-element elementor-element-898ea17 elementor-position-inline-start elementor-view-default elementor-mobile-position-block-start elementor-widget elementor-widget-icon-box\" data-id=\"898ea17\" data-element_type=\"widget\" data-e-type=\"widget\" data-widget_type=\"icon-box.default\">\n\t\t\t\t\t\t\t<div class=\"elementor-icon-box-wrapper\">\n\n\t\t\t\t\t\t<div class=\"elementor-icon-box-icon\">\n\t\t\t\t<span  class=\"elementor-icon\">\n\t\t\t\t<svg aria-hidden=\"true\" class=\"e-font-icon-svg e-fas-star\" viewBox=\"0 0 576 512\" xmlns=\"http:\/\/www.w3.org\/2000\/svg\"><path d=\"M259.3 17.8L194 150.2 47.9 171.5c-26.2 3.8-36.7 36.1-17.7 54.6l105.7 103-25 145.5c-4.5 26.3 23.2 46 46.4 33.7L288 439.6l130.7 68.7c23.2 12.2 50.9-7.4 46.4-33.7l-25-145.5 105.7-103c19-18.5 8.5-50.8-17.7-54.6L382 150.2 316.7 17.8c-11.7-23.6-45.6-23.9-57.4 0z\"><\/path><\/svg>\t\t\t\t<\/span>\n\t\t\t<\/div>\n\t\t\t\n\t\t\t\t\t\t<div class=\"elementor-icon-box-content\">\n\n\t\t\t\t\t\t\t\t\t<h3 class=\"elementor-icon-box-title\">\n\t\t\t\t\t\t<span  >\n\t\t\t\t\t\t\tLe design innovant\t\t\t\t\t\t<\/span>\n\t\t\t\t\t<\/h3>\n\t\t\t\t\n\t\t\t\t\t\t\t\t\t<p class=\"elementor-icon-box-description\">\n\t\t\t\t\t\t<p>Son avant rond si particulier permet de passer au-dessus des vagues sans s\u2019arr\u00eater. C\u2019est le mod\u00e8le pl\u00e9biscit\u00e9 par tous les navigateurs !&nbsp;<\/p><p>Celui qui remporte la plupart des r\u00e9gates,&nbsp;\u00e9tant optimis\u00e9 pour la performance.<\/p>\n\t\t\t\t\t<\/p>\n\t\t\t\t\n\t\t\t<\/div>\n\t\t\t\n\t\t<\/div>\n\t\t\t\t\t\t<\/div>\n\t\t\t\t<\/div>\n\t\t\t\t\t<\/div>\n\t\t\t\t<\/div>\n\t\t<div class=\"elementor-element elementor-element-69cb08c e-flex e-con-boxed e-con e-parent\" data-id=\"69cb08c\" data-element_type=\"container\" data-e-type=\"container\">\n\t\t\t\t\t<div class=\"e-con-inner\">\n\t\t<div class=\"elementor-element elementor-element-c4d9a03 e-flex e-con-boxed e-con e-child\" data-id=\"c4d9a03\" data-element_type=\"container\" data-e-type=\"container\">\n\t\t\t\t\t<div class=\"e-con-inner\">\n\t\t\t\t<div class=\"elementor-element elementor-element-0974780 elementor-widget elementor-widget-heading\" data-id=\"0974780\" data-element_type=\"widget\" data-e-type=\"widget\" data-widget_type=\"heading.default\">\n\t\t\t\t\t<h5 class=\"elementor-heading-title elementor-size-default\">Une aventure inoubliable<\/h5>\t\t\t\t<\/div>\n\t\t\t\t<div class=\"elementor-element elementor-element-114d0ca elementor-widget elementor-widget-heading\" data-id=\"114d0ca\" data-element_type=\"widget\" data-e-type=\"widget\" data-widget_type=\"heading.default\">\n\t\t\t\t\t<h2 class=\"elementor-heading-title elementor-size-default\">Galerie d'images<\/h2>\t\t\t\t<\/div>\n\t\t\t\t\t<\/div>\n\t\t\t\t<\/div>\n\t\t<div class=\"elementor-element elementor-element-5b681ef e-con-full e-flex e-con e-child\" data-id=\"5b681ef\" data-element_type=\"container\" data-e-type=\"container\">\n\t\t\t\t<div class=\"elementor-element elementor-element-30d8771 gallery-spacing-espace ajust\u00e9 elementor-widget elementor-widget-image-gallery\" data-id=\"30d8771\" data-element_type=\"widget\" data-e-type=\"widget\" data-widget_type=\"image-gallery.default\">\n\t\t\t\t\t\t\t<div class=\"elementor-image-gallery\">\n\t\t\t<div id='gallery-1' class='gallery galleryid-1187 gallery-columns-3 gallery-size-large'><figure class='gallery-item'>\n\t\t\t<div class='gallery-icon landscape'>\n\t\t\t\t<a data-elementor-open-lightbox=\"yes\" data-elementor-lightbox-slideshow=\"30d8771\" data-elementor-lightbox-title=\"SiteMarine-1\" data-e-action-hash=\"#elementor-action%3Aaction%3Dlightbox%26settings%3DeyJpZCI6MTI4MSwidXJsIjoiaHR0cHM6XC9cL2xlbWFyaW5lc3R1bmVtYXJpbmUuZnJcL3dwLWNvbnRlbnRcL3VwbG9hZHNcLzIwMjVcLzEwXC9TaXRlTWFyaW5lLTEud2VicCIsInNsaWRlc2hvdyI6IjMwZDg3NzEifQ%3D%3D\" href='https:\/\/mldhiss80fct.i.optimole.com\/w:auto\/h:auto\/q:mauto\/ig:avif\/https:\/\/lemarinestunemarine.fr\/wp-content\/uploads\/2025\/10\/SiteMarine-1.webp'><img fetchpriority=\"high\" decoding=\"async\" width=\"800\" height=\"450\" src=\"https:\/\/mldhiss80fct.i.optimole.com\/w:1024\/h:576\/q:mauto\/ig:avif\/https:\/\/lemarinestunemarine.fr\/wp-content\/uploads\/2025\/10\/SiteMarine-1.webp\" class=\"attachment-large size-large\" alt=\"\" srcset=\"https:\/\/mldhiss80fct.i.optimole.com\/w:1024\/h:576\/q:mauto\/ig:avif\/https:\/\/lemarinestunemarine.fr\/wp-content\/uploads\/2025\/10\/SiteMarine-1.webp 1024w, https:\/\/mldhiss80fct.i.optimole.com\/w:300\/h:169\/q:mauto\/ig:avif\/https:\/\/lemarinestunemarine.fr\/wp-content\/uploads\/2025\/10\/SiteMarine-1.webp 300w, https:\/\/mldhiss80fct.i.optimole.com\/w:768\/h:432\/q:mauto\/ig:avif\/https:\/\/lemarinestunemarine.fr\/wp-content\/uploads\/2025\/10\/SiteMarine-1.webp 768w, https:\/\/mldhiss80fct.i.optimole.com\/w:1536\/h:864\/q:mauto\/ig:avif\/https:\/\/lemarinestunemarine.fr\/wp-content\/uploads\/2025\/10\/SiteMarine-1.webp 1536w, https:\/\/mldhiss80fct.i.optimole.com\/w:auto\/h:auto\/q:mauto\/ig:avif\/https:\/\/lemarinestunemarine.fr\/wp-content\/uploads\/2025\/10\/SiteMarine-1.webp 1900w\" sizes=\"(max-width: 800px) 100vw, 800px\" \/><\/a>\n\t\t\t<\/div><\/figure><figure class='gallery-item'>\n\t\t\t<div class='gallery-icon landscape'>\n\t\t\t\t<a data-elementor-open-lightbox=\"yes\" data-elementor-lightbox-slideshow=\"30d8771\" data-elementor-lightbox-title=\"SiteMarine-5\" data-e-action-hash=\"#elementor-action%3Aaction%3Dlightbox%26settings%3DeyJpZCI6MTI4MiwidXJsIjoiaHR0cHM6XC9cL2xlbWFyaW5lc3R1bmVtYXJpbmUuZnJcL3dwLWNvbnRlbnRcL3VwbG9hZHNcLzIwMjVcLzEwXC9TaXRlTWFyaW5lLTUud2VicCIsInNsaWRlc2hvdyI6IjMwZDg3NzEifQ%3D%3D\" href='https:\/\/mldhiss80fct.i.optimole.com\/w:auto\/h:auto\/q:mauto\/ig:avif\/https:\/\/lemarinestunemarine.fr\/wp-content\/uploads\/2025\/10\/SiteMarine-5.webp'><img data-opt-src=\"https:\/\/mldhiss80fct.i.optimole.com\/w:1024\/h:683\/q:mauto\/ig:avif\/https:\/\/lemarinestunemarine.fr\/wp-content\/uploads\/2025\/10\/SiteMarine-5.webp\"  decoding=\"async\" width=\"800\" height=\"534\" src=\"data:image/svg+xml,%3Csvg%20viewBox%3D%220%200%201024%20683%22%20width%3D%221024%22%20height%3D%22683%22%20xmlns%3D%22http%3A%2F%2Fwww.w3.org%2F2000%2Fsvg%22%3E%3Crect%20width%3D%221024%22%20height%3D%22683%22%20fill%3D%22transparent%22%2F%3E%3C%2Fsvg%3E\" class=\"attachment-large size-large\" alt=\"\" old-srcset=\"https:\/\/mldhiss80fct.i.optimole.com\/w:1024\/h:683\/q:mauto\/ig:avif\/https:\/\/lemarinestunemarine.fr\/wp-content\/uploads\/2025\/10\/SiteMarine-5.webp 1024w, https:\/\/mldhiss80fct.i.optimole.com\/w:300\/h:200\/q:mauto\/ig:avif\/https:\/\/lemarinestunemarine.fr\/wp-content\/uploads\/2025\/10\/SiteMarine-5.webp 300w, https:\/\/mldhiss80fct.i.optimole.com\/w:768\/h:512\/q:mauto\/ig:avif\/https:\/\/lemarinestunemarine.fr\/wp-content\/uploads\/2025\/10\/SiteMarine-5.webp 768w, https:\/\/mldhiss80fct.i.optimole.com\/w:1536\/h:1024\/q:mauto\/ig:avif\/https:\/\/lemarinestunemarine.fr\/wp-content\/uploads\/2025\/10\/SiteMarine-5.webp 1536w, https:\/\/mldhiss80fct.i.optimole.com\/w:auto\/h:auto\/q:mauto\/ig:avif\/https:\/\/lemarinestunemarine.fr\/wp-content\/uploads\/2025\/10\/SiteMarine-5.webp 1900w\" \/><\/a>\n\t\t\t<\/div><\/figure><figure class='gallery-item'>\n\t\t\t<div class='gallery-icon landscape'>\n\t\t\t\t<a data-elementor-open-lightbox=\"yes\" data-elementor-lightbox-slideshow=\"30d8771\" data-elementor-lightbox-title=\"SiteMarine-4\" data-e-action-hash=\"#elementor-action%3Aaction%3Dlightbox%26settings%3DeyJpZCI6MTI4MywidXJsIjoiaHR0cHM6XC9cL2xlbWFyaW5lc3R1bmVtYXJpbmUuZnJcL3dwLWNvbnRlbnRcL3VwbG9hZHNcLzIwMjVcLzEwXC9TaXRlTWFyaW5lLTQud2VicCIsInNsaWRlc2hvdyI6IjMwZDg3NzEifQ%3D%3D\" href='https:\/\/mldhiss80fct.i.optimole.com\/w:auto\/h:auto\/q:mauto\/ig:avif\/https:\/\/lemarinestunemarine.fr\/wp-content\/uploads\/2025\/10\/SiteMarine-4.webp'><img data-opt-src=\"https:\/\/mldhiss80fct.i.optimole.com\/w:1024\/h:683\/q:mauto\/ig:avif\/https:\/\/lemarinestunemarine.fr\/wp-content\/uploads\/2025\/10\/SiteMarine-4.webp\"  loading=\"lazy\" decoding=\"async\" width=\"800\" height=\"534\" src=\"data:image/svg+xml,%3Csvg%20viewBox%3D%220%200%201024%20683%22%20width%3D%221024%22%20height%3D%22683%22%20xmlns%3D%22http%3A%2F%2Fwww.w3.org%2F2000%2Fsvg%22%3E%3Crect%20width%3D%221024%22%20height%3D%22683%22%20fill%3D%22transparent%22%2F%3E%3C%2Fsvg%3E\" class=\"attachment-large size-large\" alt=\"\" old-srcset=\"https:\/\/mldhiss80fct.i.optimole.com\/w:1024\/h:683\/q:mauto\/ig:avif\/https:\/\/lemarinestunemarine.fr\/wp-content\/uploads\/2025\/10\/SiteMarine-4.webp 1024w, https:\/\/mldhiss80fct.i.optimole.com\/w:300\/h:200\/q:mauto\/ig:avif\/https:\/\/lemarinestunemarine.fr\/wp-content\/uploads\/2025\/10\/SiteMarine-4.webp 300w, https:\/\/mldhiss80fct.i.optimole.com\/w:768\/h:512\/q:mauto\/ig:avif\/https:\/\/lemarinestunemarine.fr\/wp-content\/uploads\/2025\/10\/SiteMarine-4.webp 768w, https:\/\/mldhiss80fct.i.optimole.com\/w:1536\/h:1024\/q:mauto\/ig:avif\/https:\/\/lemarinestunemarine.fr\/wp-content\/uploads\/2025\/10\/SiteMarine-4.webp 1536w, https:\/\/mldhiss80fct.i.optimole.com\/w:auto\/h:auto\/q:mauto\/ig:avif\/https:\/\/lemarinestunemarine.fr\/wp-content\/uploads\/2025\/10\/SiteMarine-4.webp 1900w\" \/><\/a>\n\t\t\t<\/div><\/figure><figure class='gallery-item'>\n\t\t\t<div class='gallery-icon landscape'>\n\t\t\t\t<a data-elementor-open-lightbox=\"yes\" data-elementor-lightbox-slideshow=\"30d8771\" data-elementor-lightbox-title=\"SiteMarine-3\" data-e-action-hash=\"#elementor-action%3Aaction%3Dlightbox%26settings%3DeyJpZCI6MTI4NCwidXJsIjoiaHR0cHM6XC9cL2xlbWFyaW5lc3R1bmVtYXJpbmUuZnJcL3dwLWNvbnRlbnRcL3VwbG9hZHNcLzIwMjVcLzEwXC9TaXRlTWFyaW5lLTMud2VicCIsInNsaWRlc2hvdyI6IjMwZDg3NzEifQ%3D%3D\" href='https:\/\/mldhiss80fct.i.optimole.com\/w:auto\/h:auto\/q:mauto\/ig:avif\/https:\/\/lemarinestunemarine.fr\/wp-content\/uploads\/2025\/10\/SiteMarine-3.webp'><img data-opt-src=\"https:\/\/mldhiss80fct.i.optimole.com\/w:1024\/h:683\/q:mauto\/ig:avif\/https:\/\/lemarinestunemarine.fr\/wp-content\/uploads\/2025\/10\/SiteMarine-3.webp\"  loading=\"lazy\" decoding=\"async\" width=\"800\" height=\"534\" src=\"data:image/svg+xml,%3Csvg%20viewBox%3D%220%200%201024%20683%22%20width%3D%221024%22%20height%3D%22683%22%20xmlns%3D%22http%3A%2F%2Fwww.w3.org%2F2000%2Fsvg%22%3E%3Crect%20width%3D%221024%22%20height%3D%22683%22%20fill%3D%22transparent%22%2F%3E%3C%2Fsvg%3E\" class=\"attachment-large size-large\" alt=\"\" old-srcset=\"https:\/\/mldhiss80fct.i.optimole.com\/w:1024\/h:683\/q:mauto\/ig:avif\/https:\/\/lemarinestunemarine.fr\/wp-content\/uploads\/2025\/10\/SiteMarine-3.webp 1024w, https:\/\/mldhiss80fct.i.optimole.com\/w:300\/h:200\/q:mauto\/ig:avif\/https:\/\/lemarinestunemarine.fr\/wp-content\/uploads\/2025\/10\/SiteMarine-3.webp 300w, https:\/\/mldhiss80fct.i.optimole.com\/w:768\/h:512\/q:mauto\/ig:avif\/https:\/\/lemarinestunemarine.fr\/wp-content\/uploads\/2025\/10\/SiteMarine-3.webp 768w, https:\/\/mldhiss80fct.i.optimole.com\/w:1536\/h:1024\/q:mauto\/ig:avif\/https:\/\/lemarinestunemarine.fr\/wp-content\/uploads\/2025\/10\/SiteMarine-3.webp 1536w, https:\/\/mldhiss80fct.i.optimole.com\/w:auto\/h:auto\/q:mauto\/ig:avif\/https:\/\/lemarinestunemarine.fr\/wp-content\/uploads\/2025\/10\/SiteMarine-3.webp 1900w\" \/><\/a>\n\t\t\t<\/div><\/figure><figure class='gallery-item'>\n\t\t\t<div class='gallery-icon portrait'>\n\t\t\t\t<a data-elementor-open-lightbox=\"yes\" data-elementor-lightbox-slideshow=\"30d8771\" data-elementor-lightbox-title=\"SiteMarine-2\" data-e-action-hash=\"#elementor-action%3Aaction%3Dlightbox%26settings%3DeyJpZCI6MTI4NSwidXJsIjoiaHR0cHM6XC9cL2xlbWFyaW5lc3R1bmVtYXJpbmUuZnJcL3dwLWNvbnRlbnRcL3VwbG9hZHNcLzIwMjVcLzEwXC9TaXRlTWFyaW5lLTIud2VicCIsInNsaWRlc2hvdyI6IjMwZDg3NzEifQ%3D%3D\" href='https:\/\/mldhiss80fct.i.optimole.com\/w:auto\/h:auto\/q:mauto\/ig:avif\/https:\/\/lemarinestunemarine.fr\/wp-content\/uploads\/2025\/10\/SiteMarine-2.webp'><img data-opt-src=\"https:\/\/mldhiss80fct.i.optimole.com\/w:576\/h:1024\/q:mauto\/ig:avif\/https:\/\/lemarinestunemarine.fr\/wp-content\/uploads\/2025\/10\/SiteMarine-2.webp\"  loading=\"lazy\" decoding=\"async\" width=\"576\" height=\"1024\" src=\"data:image/svg+xml,%3Csvg%20viewBox%3D%220%200%20576%201024%22%20width%3D%22576%22%20height%3D%221024%22%20xmlns%3D%22http%3A%2F%2Fwww.w3.org%2F2000%2Fsvg%22%3E%3Crect%20width%3D%22576%22%20height%3D%221024%22%20fill%3D%22transparent%22%2F%3E%3C%2Fsvg%3E\" class=\"attachment-large size-large\" alt=\"\" old-srcset=\"https:\/\/mldhiss80fct.i.optimole.com\/w:576\/h:1024\/q:mauto\/ig:avif\/https:\/\/lemarinestunemarine.fr\/wp-content\/uploads\/2025\/10\/SiteMarine-2.webp 576w, https:\/\/mldhiss80fct.i.optimole.com\/w:169\/h:300\/q:mauto\/ig:avif\/https:\/\/lemarinestunemarine.fr\/wp-content\/uploads\/2025\/10\/SiteMarine-2.webp 169w, https:\/\/mldhiss80fct.i.optimole.com\/w:607\/h:1080\/q:mauto\/ig:avif\/https:\/\/lemarinestunemarine.fr\/wp-content\/uploads\/2025\/10\/SiteMarine-2.webp 768w, https:\/\/mldhiss80fct.i.optimole.com\/w:607\/h:1080\/q:mauto\/ig:avif\/https:\/\/lemarinestunemarine.fr\/wp-content\/uploads\/2025\/10\/SiteMarine-2.webp 864w, https:\/\/mldhiss80fct.i.optimole.com\/w:auto\/h:auto\/q:mauto\/ig:avif\/https:\/\/lemarinestunemarine.fr\/wp-content\/uploads\/2025\/10\/SiteMarine-2.webp 1069w\" \/><\/a>\n\t\t\t<\/div><\/figure>\n\t\t<\/div>\n\t\t<\/div>\n\t\t\t\t\t\t<\/div>\n\t\t\t\t<\/div>\n\t\t\t\t\t<\/div>\n\t\t\t\t<\/div>\n\t\t<div class=\"elementor-element elementor-element-efabc6d e-flex e-con-boxed e-con e-parent\" data-id=\"efabc6d\" data-element_type=\"container\" data-e-type=\"container\" data-settings=\"{&quot;background_background&quot;:&quot;classic&quot;}\">\n\t\t\t\t\t<div class=\"e-con-inner\">\n\t\t<div class=\"elementor-element elementor-element-0f884bd e-flex e-con-boxed e-con e-child\" data-id=\"0f884bd\" data-element_type=\"container\" data-e-type=\"container\" data-settings=\"{&quot;background_background&quot;:&quot;classic&quot;}\">\n\t\t\t\t\t<div class=\"e-con-inner\">\n\t\t\t\t<div class=\"elementor-element elementor-element-325d3fa elementor-widget elementor-widget-heading\" data-id=\"325d3fa\" data-element_type=\"widget\" data-e-type=\"widget\" data-widget_type=\"heading.default\">\n\t\t\t\t\t<h2 class=\"elementor-heading-title elementor-size-default\">Devenez notre partenaire d'aventure<\/h2>\t\t\t\t<\/div>\n\t\t\t\t<div class=\"elementor-element elementor-element-d16833d elementor-widget elementor-widget-text-editor\" data-id=\"d16833d\" data-element_type=\"widget\" data-e-type=\"widget\" data-widget_type=\"text-editor.default\">\n\t\t\t\t\t\t\t\t\t<p>Rejoignez-nous dans cette d\u00e9fi exceptionnel. En devenant partenaire, vous vous associez \u00e0 une aventure unique de travers\u00e9e de l&rsquo;Atlantique. Ensemble, nous ferons briller votre marque tout en inspirant les passionn\u00e9s de navigation.<\/p>\t\t\t\t\t\t\t\t<\/div>\n\t\t<div class=\"elementor-element elementor-element-a120148 e-flex e-con-boxed e-con e-child\" data-id=\"a120148\" data-element_type=\"container\" data-e-type=\"container\">\n\t\t\t\t\t<div class=\"e-con-inner\">\n\t\t\t\t<div class=\"elementor-element elementor-element-b914799 elementor-widget__width-auto elementor-widget elementor-widget-button\" data-id=\"b914799\" data-element_type=\"widget\" data-e-type=\"widget\" data-widget_type=\"button.default\">\n\t\t\t\t\t\t\t\t\t\t<a class=\"elementor-button elementor-button-link elementor-size-sm\" href=\"https:\/\/lemarinestunemarine.fr\/index.php\/partenaires-soutenir\/\">\n\t\t\t\t\t\t<span class=\"elementor-button-content-wrapper\">\n\t\t\t\t\t\t\t\t\t<span class=\"elementor-button-text\">Partenariat<\/span>\n\t\t\t\t\t<\/span>\n\t\t\t\t\t<\/a>\n\t\t\t\t\t\t\t\t<\/div>\n\t\t\t\t<div class=\"elementor-element elementor-element-86ed293 elementor-widget__width-auto elementor-widget elementor-widget-button\" data-id=\"86ed293\" data-element_type=\"widget\" data-e-type=\"widget\" data-widget_type=\"button.default\">\n\t\t\t\t\t\t\t\t\t\t<a class=\"elementor-button elementor-button-link elementor-size-sm\" href=\"https:\/\/lemarinestunemarine.fr\/index.php\/partenaires-soutenir#Contact\">\n\t\t\t\t\t\t<span class=\"elementor-button-content-wrapper\">\n\t\t\t\t\t\t\t\t\t<span class=\"elementor-button-text\">Contactez-nous<\/span>\n\t\t\t\t\t<\/span>\n\t\t\t\t\t<\/a>\n\t\t\t\t\t\t\t\t<\/div>\n\t\t\t\t\t<\/div>\n\t\t\t\t<\/div>\n\t\t\t\t\t<\/div>\n\t\t\t\t<\/div>\n\t\t\t\t\t<\/div>\n\t\t\t\t<\/div>\n\t\t<div class=\"elementor-element elementor-element-0fe9e79 e-flex e-con-boxed e-con e-parent\" data-id=\"0fe9e79\" data-element_type=\"container\" data-e-type=\"container\">\n\t\t\t\t\t<div class=\"e-con-inner\">\n\t\t<div class=\"elementor-element elementor-element-9380cdd e-flex e-con-boxed e-con e-child\" data-id=\"9380cdd\" data-element_type=\"container\" data-e-type=\"container\">\n\t\t\t\t\t<div class=\"e-con-inner\">\n\t\t\t\t<div class=\"elementor-element elementor-element-e2e78af elementor-widget elementor-widget-image\" data-id=\"e2e78af\" data-element_type=\"widget\" data-e-type=\"widget\" data-widget_type=\"image.default\">\n\t\t\t\t\t\t\t\t\t\t\t\t\t\t\t<img data-opt-src=\"https:\/\/mldhiss80fct.i.optimole.com\/w:683\/h:1024\/q:mauto\/ig:avif\/https:\/\/lemarinestunemarine.fr\/wp-content\/uploads\/2025\/10\/SiteMarine-7.webp\"  loading=\"lazy\" decoding=\"async\" width=\"683\" height=\"1024\" src=\"data:image/svg+xml,%3Csvg%20viewBox%3D%220%200%20683%201024%22%20width%3D%22683%22%20height%3D%221024%22%20xmlns%3D%22http%3A%2F%2Fwww.w3.org%2F2000%2Fsvg%22%3E%3Crect%20width%3D%22683%22%20height%3D%221024%22%20fill%3D%22transparent%22%2F%3E%3C%2Fsvg%3E\" class=\"attachment-large size-large wp-image-1298\" alt=\"\" old-srcset=\"https:\/\/mldhiss80fct.i.optimole.com\/w:683\/h:1024\/q:mauto\/ig:avif\/https:\/\/lemarinestunemarine.fr\/wp-content\/uploads\/2025\/10\/SiteMarine-7.webp 683w, https:\/\/mldhiss80fct.i.optimole.com\/w:200\/h:300\/q:mauto\/ig:avif\/https:\/\/lemarinestunemarine.fr\/wp-content\/uploads\/2025\/10\/SiteMarine-7.webp 200w, https:\/\/mldhiss80fct.i.optimole.com\/w:720\/h:1080\/q:mauto\/ig:avif\/https:\/\/lemarinestunemarine.fr\/wp-content\/uploads\/2025\/10\/SiteMarine-7.webp 768w, https:\/\/mldhiss80fct.i.optimole.com\/w:720\/h:1080\/q:mauto\/ig:avif\/https:\/\/lemarinestunemarine.fr\/wp-content\/uploads\/2025\/10\/SiteMarine-7.webp 1024w, https:\/\/mldhiss80fct.i.optimole.com\/w:auto\/h:auto\/q:mauto\/ig:avif\/https:\/\/lemarinestunemarine.fr\/wp-content\/uploads\/2025\/10\/SiteMarine-7.webp 1267w\" \/>\t\t\t\t\t\t\t\t\t\t\t\t\t\t\t<\/div>\n\t\t\t\t\t<\/div>\n\t\t\t\t<\/div>\n\t\t\t\t\t<\/div>\n\t\t\t\t<\/div>\n\t\t\t\t<\/div>\n\t\t","protected":false},"excerpt":{"rendered":"<p>Bateau neuf chantier IDB Marine Maxi 650 Plan Raison Caract\u00e9ristiques Ann\u00e9e de construction : 2024 Longueur : 6.50 m \/ Largeur : 3 m Surface de Voile Max : 115 m2 Poids \u00e0 vide : 950 Kg Vitesse Max : 19 kts Le design innovant Son avant rond si particulier permet de passer au-dessus des [&hellip;]<\/p>\n","protected":false},"author":1,"featured_media":0,"parent":0,"menu_order":0,"comment_status":"closed","ping_status":"closed","template":"","meta":{"_themeisle_gutenberg_block_has_review":false,"_ti_tpc_template_sync":false,"_ti_tpc_template_id":"","footnotes":""},"class_list":["post-1187","page","type-page","status-publish","hentry"],"aioseo_notices":[],"_links":{"self":[{"href":"https:\/\/lemarinestunemarine.fr\/index.php\/wp-json\/wp\/v2\/pages\/1187","targetHints":{"allow":["GET"]}}],"collection":[{"href":"https:\/\/lemarinestunemarine.fr\/index.php\/wp-json\/wp\/v2\/pages"}],"about":[{"href":"https:\/\/lemarinestunemarine.fr\/index.php\/wp-json\/wp\/v2\/types\/page"}],"author":[{"embeddable":true,"href":"https:\/\/lemarinestunemarine.fr\/index.php\/wp-json\/wp\/v2\/users\/1"}],"replies":[{"embeddable":true,"href":"https:\/\/lemarinestunemarine.fr\/index.php\/wp-json\/wp\/v2\/comments?post=1187"}],"version-history":[{"count":24,"href":"https:\/\/lemarinestunemarine.fr\/index.php\/wp-json\/wp\/v2\/pages\/1187\/revisions"}],"predecessor-version":[{"id":1580,"href":"https:\/\/lemarinestunemarine.fr\/index.php\/wp-json\/wp\/v2\/pages\/1187\/revisions\/1580"}],"wp:attachment":[{"href":"https:\/\/lemarinestunemarine.fr\/index.php\/wp-json\/wp\/v2\/media?parent=1187"}],"curies":[{"name":"wp","href":"https:\/\/api.w.org\/{rel}","templated":true}]}}